{"id":21,"date":"2016-11-03T15:19:27","date_gmt":"2016-11-03T15:19:27","guid":{"rendered":"https:\/\/westlogistique.fr\/?page_id=21"},"modified":"2025-07-08T00:04:25","modified_gmt":"2025-07-08T00:04:25","slug":"our-services","status":"publish","type":"page","link":"https:\/\/westlogistique.fr\/?page_id=21","title":{"rendered":"Nos Services"},"content":{"rendered":"<div class=\"wpb-content-wrapper\"><p>[vc_row][vc_column][vc_empty_space height=&#8221;2.2em&#8221; alter_height=&#8221;none&#8221; hide_on_mobile=&#8221;&#8221;]<div  id=\"sc_services_711702675\"            class=\"sc_services sc_services_iconed\" data-slides-per-view=\"4\" data-interval=\"0\" data-slides-min-width=\"250\"\t\t>\r\n\t\t<div class=\"sc_item_descr sc_services_descr sc_align_default\">Nous vous proposons des solutions de fret a\u00e9rien personnalis\u00e9es, adapt\u00e9es \u00e0 vos besoins sp\u00e9cifiques, pour garantir rapidit\u00e9 et s\u00e9curit\u00e9 dans vos exp\u00e9ditions internationales.<\/div><div class=\"sc_services_columns sc_item_columns trx_addons_columns_wrap columns_padding_bottom\"><div class=\"trx_addons_column-1_4 \"><div class=\"sc_services_item with_icon sc_services_item_featured_top\">\r\n\t<div class=\"sc_services_item_header\">\r\n\t\t<a href=\"https:\/\/westlogistique.fr\/?cpt_services=air-freight\"\r\n\t\t\t\t id=\"sc_services_711702675_icon-air\"\r\n\t\t\t\t class=\"sc_services_item_icon icon-air\"\r\n\t\t\t\t ><\/a>\t\r\n\t\t<h4 class=\"sc_services_item_title\"><a href=\"https:\/\/westlogistique.fr\/?cpt_services=air-freight\">Air Freight<\/a><\/h4>\r\n\t\t<div class=\"sc_services_item_subtitle\"><a href=\"https:\/\/westlogistique.fr\/?cpt_services_group=icon-services\" title=\"View all posts in Icon Services\">Icon Services<\/a><\/div>\r\n\t<\/div>\r\n\t\t\t<div class=\"sc_services_item_content\">\r\n\t\t\t<div class=\"sc_services_item_text\"><p>We can provide you with a customized freight solution tailored to your needs<\/p>\n<\/div>\r\n\t\t\t<div class=\"sc_services_item_button sc_item_button\"><a href=\"https:\/\/westlogistique.fr\/?cpt_services=air-freight\" class=\"sc_button sc_button_simple\">Learn more<\/a><\/div>\r\n\t\t<\/div>\r\n\t<\/div>\r\n<\/div><div class=\"trx_addons_column-1_4 \"><div class=\"sc_services_item with_icon sc_services_item_featured_top\">\r\n\t<div class=\"sc_services_item_header\">\r\n\t\t<a href=\"https:\/\/westlogistique.fr\/?cpt_services=cars-freight\"\r\n\t\t\t\t id=\"sc_services_711702675_icon-cars\"\r\n\t\t\t\t class=\"sc_services_item_icon icon-cars\"\r\n\t\t\t\t ><\/a>\t\r\n\t\t<h4 class=\"sc_services_item_title\"><a href=\"https:\/\/westlogistique.fr\/?cpt_services=cars-freight\">Cars Freight<\/a><\/h4>\r\n\t\t<div class=\"sc_services_item_subtitle\"><a href=\"https:\/\/westlogistique.fr\/?cpt_services_group=icon-services\" title=\"View all posts in Icon Services\">Icon Services<\/a><\/div>\r\n\t<\/div>\r\n\t\t\t<div class=\"sc_services_item_content\">\r\n\t\t\t<div class=\"sc_services_item_text\"><p>We can provide you with a customized freight solution tailored to your needs<\/p>\n<\/div>\r\n\t\t\t<div class=\"sc_services_item_button sc_item_button\"><a href=\"https:\/\/westlogistique.fr\/?cpt_services=cars-freight\" class=\"sc_button sc_button_simple\">Learn more<\/a><\/div>\r\n\t\t<\/div>\r\n\t<\/div>\r\n<\/div><div class=\"trx_addons_column-1_4 \"><div class=\"sc_services_item with_icon sc_services_item_featured_top\">\r\n\t<div class=\"sc_services_item_header\">\r\n\t\t<a href=\"https:\/\/westlogistique.fr\/?cpt_services=train-freight\"\r\n\t\t\t\t id=\"sc_services_711702675_icon-rail\"\r\n\t\t\t\t class=\"sc_services_item_icon icon-rail\"\r\n\t\t\t\t ><\/a>\t\r\n\t\t<h4 class=\"sc_services_item_title\"><a href=\"https:\/\/westlogistique.fr\/?cpt_services=train-freight\">Rail Freight<\/a><\/h4>\r\n\t\t<div class=\"sc_services_item_subtitle\"><a href=\"https:\/\/westlogistique.fr\/?cpt_services_group=icon-services\" title=\"View all posts in Icon Services\">Icon Services<\/a><\/div>\r\n\t<\/div>\r\n\t\t\t<div class=\"sc_services_item_content\">\r\n\t\t\t<div class=\"sc_services_item_text\"><p>We can provide you with a customized freight solution tailored to your needs<\/p>\n<\/div>\r\n\t\t\t<div class=\"sc_services_item_button sc_item_button\"><a href=\"https:\/\/westlogistique.fr\/?cpt_services=train-freight\" class=\"sc_button sc_button_simple\">Learn more<\/a><\/div>\r\n\t\t<\/div>\r\n\t<\/div>\r\n<\/div><div class=\"trx_addons_column-1_4 \"><div class=\"sc_services_item with_icon sc_services_item_featured_top\">\r\n\t<div class=\"sc_services_item_header\">\r\n\t\t<a href=\"https:\/\/westlogistique.fr\/?cpt_services=sea-freight\"\r\n\t\t\t\t id=\"sc_services_711702675_icon-sea\"\r\n\t\t\t\t class=\"sc_services_item_icon icon-sea\"\r\n\t\t\t\t ><\/a>\t\r\n\t\t<h4 class=\"sc_services_item_title\"><a href=\"https:\/\/westlogistique.fr\/?cpt_services=sea-freight\">Sea Freight<\/a><\/h4>\r\n\t\t<div class=\"sc_services_item_subtitle\"><a href=\"https:\/\/westlogistique.fr\/?cpt_services_group=icon-services\" title=\"View all posts in Icon Services\">Icon Services<\/a><\/div>\r\n\t<\/div>\r\n\t\t\t<div class=\"sc_services_item_content\">\r\n\t\t\t<div class=\"sc_services_item_text\"><p>We can provide you with a customized freight solution tailored to your needs<\/p>\n<\/div>\r\n\t\t\t<div class=\"sc_services_item_button sc_item_button\"><a href=\"https:\/\/westlogistique.fr\/?cpt_services=sea-freight\" class=\"sc_button sc_button_simple\">Learn more<\/a><\/div>\r\n\t\t<\/div>\r\n\t<\/div>\r\n<\/div><\/div><\/div><!-- \/.sc_services -->[vc_empty_space height=&#8221;8em&#8221; alter_height=&#8221;none&#8221; hide_on_mobile=&#8221;&#8221;][\/vc_column][\/vc_row][vc_row full_width=&#8221;stretch_row_content_no_spaces&#8221; css=&#8221;.vc_custom_1478532881550{background-color: #faf9f5 !important;}&#8221;][vc_column]<div  id=\"sc_promo_1647420577\" \r\n\tclass=\"sc_promo sc_promo_default sc_promo_size_large sc_promo_image_position_left\"><div class=\"sc_promo_image\" style=\"background-image:url(https:\/\/westlogistique.fr\/wp-content\/uploads\/2016\/11\/services-promo-copyright.jpg);width:50%;left: 0;\"><\/div><div class=\"sc_promo_text\" style=\"width: 50%;float: right;\">\r\n\t\t\t<div class=\"sc_promo_text_inner\" style=\"\"><div class=\"sc_promo_content sc_item_content\"><div id=\"sc_content_1311076778\"\r\n\t\tclass=\"sc_content sc_content_default  vc_custom_1480289643519 sc_content_width_1_2\"><div class=\"sc_content_container\"><div id=\"sc_skills_61719769\"\r\n\t\tclass=\"sc_skills sc_skills_pie sc_skills_compact_off\"\r\n\t\t\t\tdata-type=\"pie\"\r\n\t\t><h6 class=\"sc_item_subtitle sc_skills_subtitle sc_align_default sc_item_title_style_default\">WEST CARGO<\/h6><h2 class=\"sc_item_title sc_skills_title sc_align_default sc_item_title_style_default\">Ce que nous pouvons faire pour vous<\/h2><div class=\"sc_item_descr sc_skills_descr sc_align_default\">Chez West Logistique, nous ne faisons pas que g\u00e9rer les fournisseurs\u202f: nous les accompagnons de pr\u00e8s pour garantir la qualit\u00e9 \u00e0 chaque \u00e9tape. Notre approche personnalis\u00e9e et consultative nous permet de r\u00e9pondre pr\u00e9cis\u00e9ment \u00e0 vos attentes.<\/div><div class=\"sc_skills_columns sc_item_columns trx_addons_columns_wrap columns_padding_bottom\"><div class=\"sc_skills_column trx_addons_column-1_4\"><div class=\"sc_skills_item_wrap\"><div class=\"sc_skills_item\"><canvas id=\"sc_skills_canvas_935744470\"><\/canvas><div class=\"sc_skills_total\" data-start=\"0\" data-stop=\"70\" data-step=\"1\" data-steps=\"100\" data-max=\"100\" data-speed=\"40\" data-duration=\"2800\" data-color=\"#e23b2e\" data-bg_color=\"#fff\" data-border_color=\"\" data-cutout=\"96\" data-easing=\"easeOutCirc\" data-ed=\"\">0<\/div><\/div><div class=\"sc_skills_item_title\">Transport<\/div><\/div><\/div><div class=\"sc_skills_column trx_addons_column-1_4\"><div class=\"sc_skills_item_wrap\"><div class=\"sc_skills_item\"><canvas id=\"sc_skills_canvas_508262562\"><\/canvas><div class=\"sc_skills_total\" data-start=\"0\" data-stop=\"85\" data-step=\"1\" data-steps=\"100\" data-max=\"100\" data-speed=\"21\" data-duration=\"1785\" data-color=\"#e23b2e\" data-bg_color=\"#fff\" data-border_color=\"\" data-cutout=\"96\" data-easing=\"easeOutCirc\" data-ed=\"\">0<\/div><\/div><div class=\"sc_skills_item_title\">Logistics<\/div><\/div><\/div><div class=\"sc_skills_column trx_addons_column-1_4\"><div class=\"sc_skills_item_wrap\"><div class=\"sc_skills_item\"><canvas id=\"sc_skills_canvas_760983575\"><\/canvas><div class=\"sc_skills_total\" data-start=\"0\" data-stop=\"50\" data-step=\"1\" data-steps=\"100\" data-max=\"100\" data-speed=\"39\" data-duration=\"1950\" data-color=\"#e23b2e\" data-bg_color=\"#fff\" data-border_color=\"\" data-cutout=\"96\" data-easing=\"easeOutCirc\" data-ed=\"\">0<\/div><\/div><div class=\"sc_skills_item_title\">Support<\/div><\/div><\/div><div class=\"sc_skills_column trx_addons_column-1_4\"><div class=\"sc_skills_item_wrap\"><div class=\"sc_skills_item\"><canvas id=\"sc_skills_canvas_81585003\"><\/canvas><div class=\"sc_skills_total\" data-start=\"0\" data-stop=\"90\" data-step=\"1\" data-steps=\"100\" data-max=\"100\" data-speed=\"10\" data-duration=\"900\" data-color=\"#e23b2e\" data-bg_color=\"#fff\" data-border_color=\"\" data-cutout=\"96\" data-easing=\"easeOutCirc\" data-ed=\"\">0<\/div><\/div><div class=\"sc_skills_item_title\">Chain Supply<\/div><\/div><\/div><\/div><\/div>[vc_empty_space height=&#8221;1.4em&#8221; alter_height=&#8221;none&#8221; hide_on_mobile=&#8221;&#8221;]<\/div><\/div><!-- \/.sc_content --><\/div><\/div>\r\n\t\t<\/div><!-- \/.sc_promo_text --><\/div><!-- \/.sc_promo -->[\/vc_column][\/vc_row][vc_row full_width=&#8221;stretch_row_content_no_spaces&#8221;][vc_column width=&#8221;1\/4&#8243; css=&#8221;.vc_custom_1480281211046{padding: 10px !important;background-color: #ffffff !important;}&#8221;][vc_empty_space height=&#8221;7.45em&#8221; alter_height=&#8221;none&#8221; hide_on_mobile=&#8221;&#8221;]<div id=\"sc_icons_1161961267\" \r\n\tclass=\"sc_icons sc_icons_default sc_icons_size_small sc_align_center  vc_custom_1480279416544\"><div class=\"sc_icons_item\"><div id=\"sc_icons_1161961267_icon-lock-1\" class=\"sc_icons_icon sc_icon_type_fontawesome icon-lock-1\"\r\n\t\t\t\t\t\t\t\t\t\t\t\t><span class=\"sc_icon_type_fontawesome icon-lock-1\"><\/span><\/div><\/div><\/div><!-- \/.sc_icons -->[vc_column_text css=&#8221;.vc_custom_1751932867715{margin-bottom: 0.75em !important;}&#8221;]<\/p>\n<h3 style=\"text-align: center;\">Gestion Innovante<\/h3>\n<p class=\"first:mt-1.5\" style=\"text-align: center;\">\n<p>[\/vc_column_text][vc_column_text css=&#8221;&#8221;]<\/p>\n<p style=\"text-align: center;\">Nous misons sur l\u2019innovation pour optimiser votre cha\u00eene logistique, en int\u00e9grant les derni\u00e8res technologies et en anticipant vos besoins.<\/p>\n<p>[\/vc_column_text][vc_empty_space height=&#8221;7.6em&#8221; alter_height=&#8221;none&#8221; hide_on_mobile=&#8221;&#8221;][\/vc_column][vc_column width=&#8221;1\/4&#8243; css=&#8221;.vc_custom_1480281219262{padding: 10px !important;background-color: #f7f6f2 !important;}&#8221;][vc_empty_space height=&#8221;7.45em&#8221; alter_height=&#8221;none&#8221; hide_on_mobile=&#8221;&#8221;]<div id=\"sc_icons_1039073348\" \r\n\tclass=\"sc_icons sc_icons_default sc_icons_size_small sc_align_center  vc_custom_1479686195378\"><div class=\"sc_icons_item\"><div id=\"sc_icons_1039073348_icon-2\" class=\"sc_icons_icon sc_icon_type_fontawesome icon-2\"\r\n\t\t\t\t\t\t\t\t\t\t\t\t><span class=\"sc_icon_type_fontawesome icon-2\"><\/span><\/div><\/div><\/div><!-- \/.sc_icons -->[vc_column_text css=&#8221;.vc_custom_1751932901564{margin-bottom: 0.75em !important;}&#8221;]<\/p>\n<h3 style=\"text-align: center;\">Support Client<\/h3>\n<p class=\"first:mt-1.5\">\n<p>[\/vc_column_text][vc_column_text css=&#8221;&#8221;]<\/p>\n<p class=\"first:mt-1.5\" style=\"text-align: center;\">Notre \u00e9quipe est \u00e0 votre \u00e9coute pour vous accompagner et r\u00e9pondre \u00e0 toutes vos questions, avec r\u00e9activit\u00e9 et professionnalisme.<\/p>\n<p>[\/vc_column_text][vc_empty_space height=&#8221;7.6em&#8221; alter_height=&#8221;none&#8221; hide_on_mobile=&#8221;&#8221;][\/vc_column][vc_column width=&#8221;1\/4&#8243; scheme=&#8221;dark&#8221; css=&#8221;.vc_custom_1480281230540{padding: 10px !important;background-color: #1f2d37 !important;}&#8221;][vc_empty_space height=&#8221;7.45em&#8221; alter_height=&#8221;none&#8221; hide_on_mobile=&#8221;&#8221;]<div id=\"sc_icons_904662071\" \r\n\tclass=\"sc_icons sc_icons_default sc_icons_size_small sc_align_center  vc_custom_1480279444602\"><div class=\"sc_icons_item\"><div id=\"sc_icons_904662071_icon-hour\" class=\"sc_icons_icon sc_icon_type_fontawesome icon-hour\"\r\n\t\t\t\t\t\t\t\t\t\t\t\t><span class=\"sc_icon_type_fontawesome icon-hour\"><\/span><\/div><\/div><\/div><!-- \/.sc_icons -->[vc_column_text css=&#8221;.vc_custom_1751932928003{margin-bottom: 0.75em !important;}&#8221;]<\/p>\n<h3 style=\"text-align: center;\">Fiabilit\u00e9 &amp; Ponctualit\u00e9<\/h3>\n<p class=\"first:mt-1.5\">\n<p>[\/vc_column_text][vc_column_text css=&#8221;&#8221;]<\/p>\n<p class=\"first:mt-1.5\" style=\"text-align: center;\">Nous nous engageons \u00e0 respecter les d\u00e9lais et \u00e0 assurer la s\u00e9curit\u00e9 de vos marchandises, pour une tranquillit\u00e9 d\u2019esprit totale.<\/p>\n<p>[\/vc_column_text][vc_empty_space height=&#8221;7.6em&#8221; alter_height=&#8221;none&#8221; hide_on_mobile=&#8221;&#8221;][\/vc_column][vc_column width=&#8221;1\/4&#8243; scheme=&#8221;dark&#8221; css=&#8221;.vc_custom_1480281239204{padding: 10px !important;background-color: #db5045 !important;}&#8221;][vc_empty_space height=&#8221;7.45em&#8221; alter_height=&#8221;none&#8221; hide_on_mobile=&#8221;&#8221;]<div id=\"sc_icons_211940956\" \r\n\tclass=\"sc_icons sc_icons_default sc_icons_size_small sc_align_center  vc_custom_1480279474816\"><div class=\"sc_icons_item\"><div id=\"sc_icons_211940956_icon-cup-1\" class=\"sc_icons_icon sc_icon_type_fontawesome icon-cup-1\"\r\n\t\t\t\t\t\t style=\"color: #ffffff\"\t\t\t\t\t\t><span class=\"sc_icon_type_fontawesome icon-cup-1\" style=\"color: #ffffff\"><\/span><\/div><\/div><\/div><!-- \/.sc_icons -->[vc_column_text css=&#8221;.vc_custom_1751932948287{margin-bottom: 0.75em !important;}&#8221;]<\/p>\n<h3 style=\"text-align: center;\">Assurance Cargo<\/h3>\n<p class=\"first:mt-1.5\">\n<p>[\/vc_column_text][vc_column_text css=&#8221;&#8221;]<\/p>\n<p style=\"text-align: center; color: #fff;\">Prot\u00e9gez vos exp\u00e9ditions gr\u00e2ce \u00e0 nos solutions d\u2019assurance cargo, pour une couverture optimale<br \/>\nen cas d\u2019impr\u00e9vu.<\/p>\n<p>[\/vc_column_text][vc_empty_space height=&#8221;7.6em&#8221; alter_height=&#8221;none&#8221; hide_on_mobile=&#8221;&#8221;][\/vc_column][\/vc_row][vc_row][vc_column][vc_empty_space height=&#8221;4.8em&#8221; alter_height=&#8221;none&#8221; hide_on_mobile=&#8221;1,2&#8243;][\/vc_column][\/vc_row]<\/p>\n<\/div>","protected":false},"excerpt":{"rendered":"<p>[vc_row][vc_column][vc_empty_space height=&#8221;2.2em&#8221; alter_height=&#8221;none&#8221; hide_on_mobile=&#8221;&#8221;][vc_empty_space height=&#8221;8em&#8221; alter_height=&#8221;none&#8221; hide_on_mobile=&#8221;&#8221;][\/vc_column][\/vc_row][vc_row full_width=&#8221;stretch_row_content_no_spaces&#8221; css=&#8221;.vc_custom_1478532881550{background-color: #faf9f5 !important;}&#8221;][vc_column][\/vc_column][\/vc_row][vc_row full_width=&#8221;stretch_row_content_no_spaces&#8221;][vc_column width=&#8221;1\/4&#8243; css=&#8221;.vc_custom_1480281211046{padding: 10px !important;background-color: #ffffff !important;}&#8221;][vc_empty_space height=&#8221;7.45em&#8221; alter_height=&#8221;none&#8221; hide_on_mobile=&#8221;&#8221;][vc_column_text css=&#8221;.vc_custom_1751932867715{margin-bottom: 0.75em !important;}&#8221;] Gestion Innovante [\/vc_column_text][vc_column_text css=&#8221;&#8221;] Nous misons sur l\u2019innovation pour optimiser votre cha\u00eene logistique, en int\u00e9grant les derni\u00e8res technologies et en anticipant vos besoins. [\/vc_column_text][vc_empty_space height=&#8221;7.6em&#8221; alter_height=&#8221;none&#8221; hide_on_mobile=&#8221;&#8221;][\/vc_column][vc_column width=&#8221;1\/4&#8243; css=&#8221;.vc_custom_1480281219262{padding: 10px !important;background-color: #f7f6f2 !important;}&#8221;][vc_empty_space height=&#8221;7.45em&#8221; alter_height=&#8221;none&#8221; hide_on_mobile=&#8221;&#8221;][vc_column_text&hellip;<\/p>\n","protected":false},"author":1,"featured_media":0,"parent":0,"menu_order":0,"comment_status":"closed","ping_status":"closed","template":"","meta":{"footnotes":""},"class_list":["post-21","page","type-page","status-publish","hentry"],"_links":{"self":[{"href":"https:\/\/westlogistique.fr\/index.php?rest_route=\/wp\/v2\/pages\/21","targetHints":{"allow":["GET"]}}],"collection":[{"href":"https:\/\/westlogistique.fr\/index.php?rest_route=\/wp\/v2\/pages"}],"about":[{"href":"https:\/\/westlogistique.fr\/index.php?rest_route=\/wp\/v2\/types\/page"}],"author":[{"embeddable":true,"href":"https:\/\/westlogistique.fr\/index.php?rest_route=\/wp\/v2\/users\/1"}],"replies":[{"embeddable":true,"href":"https:\/\/westlogistique.fr\/index.php?rest_route=%2Fwp%2Fv2%2Fcomments&post=21"}],"version-history":[{"count":6,"href":"https:\/\/westlogistique.fr\/index.php?rest_route=\/wp\/v2\/pages\/21\/revisions"}],"predecessor-version":[{"id":1376,"href":"https:\/\/westlogistique.fr\/index.php?rest_route=\/wp\/v2\/pages\/21\/revisions\/1376"}],"wp:attachment":[{"href":"https:\/\/westlogistique.fr\/index.php?rest_route=%2Fwp%2Fv2%2Fmedia&parent=21"}],"curies":[{"name":"wp","href":"https:\/\/api.w.org\/{rel}","templated":true}]}}