{"id":19,"date":"2016-11-03T15:19:14","date_gmt":"2016-11-03T15:19:14","guid":{"rendered":"https:\/\/westlogistique.fr\/?page_id=19"},"modified":"2025-07-08T00:16:11","modified_gmt":"2025-07-08T00:16:11","slug":"about-us-style-2","status":"publish","type":"page","link":"https:\/\/westlogistique.fr\/?page_id=19","title":{"rendered":"A propos"},"content":{"rendered":"<div class=\"wpb-content-wrapper\"><p>[vc_row full_width=&#8221;stretch_row&#8221; css=&#8221;.vc_custom_1478525086569{background-image: url(https:\/\/westlogistique.fr\/wp-content\/uploads\/2016\/11\/bg-2-copyright.jpg?id=499) !important;background-position: 0 0 !important;background-repeat: no-repeat !important;}&#8221;][vc_column][vc_empty_space height=&#8221;6.6em&#8221; alter_height=&#8221;none&#8221; hide_on_mobile=&#8221;&#8221;]<div  id=\"sc_promo_1202119337\" \r\n\tclass=\"sc_promo sc_promo_default sc_promo_size_small sc_promo_image_position_right\"><div class=\"sc_promo_image\" style=\"background-image:url(https:\/\/westlogistique.fr\/wp-content\/uploads\/2016\/11\/image-17-copyright.jpg);width:50%;right: 0;\"><\/div><div class=\"sc_promo_text\" style=\"width: 50%;float: left;\">\r\n\t\t\t<div class=\"sc_promo_text_inner\" style=\"\"><h6 class=\"sc_item_subtitle sc_promo_subtitle sc_align_default sc_item_title_style_default\">International<\/h6><h2 class=\"sc_item_title sc_promo_title sc_align_default sc_item_title_style_default\">Logistic Company<\/h2><div class=\"sc_item_descr sc_promo_descr sc_align_default\"><p><strong>Que vous ayez besoin de distribution, de gestion de commandes, de transport international ou d\u2019une solution compl\u00e8te de cha\u00eene logistique <span style=\"color: #df3629;\">West Logistique est \u00e0 vos c\u00f4t\u00e9s.<\/span><\/strong><\/p>\n\n\nNotre mission\u202f: vous accompagner \u00e0 chaque \u00e9tape, avec des solutions sur-mesure, fiables et performantes. En tant que leader du transport international, nous proposons un suivi personnalis\u00e9 et des services adapt\u00e9s \u00e0 chaque client.<\/div><div class=\"sc_item_button sc_item_button_accent sc_promo_button sc_align_default sc_button_wrap\"><a href=\"https:\/\/westlogistique.fr\/?page_id=25\" id=\"sc_button_595562665\" class=\"sc_button sc_button_accent sc_button_size_normal sc_button_icon_left\"><span class=\"sc_button_text\"><span class=\"sc_button_title\">Demander un devis<\/span><\/span><!-- \/.sc_button_text --><\/a><!-- \/.sc_button --><\/div><!-- \/.sc_item_button sc_item_button_accent sc_promo_button sc_align_default --><\/div>\r\n\t\t<\/div><!-- \/.sc_promo_text --><\/div><!-- \/.sc_promo -->[vc_empty_space height=&#8221;8.4em&#8221; alter_height=&#8221;none&#8221; hide_on_mobile=&#8221;&#8221;][\/vc_column][\/vc_row][vc_row full_width=&#8221;stretch_row&#8221; css=&#8221;.vc_custom_1479506271979{background-image: url(https:\/\/westlogistique.fr\/wp-content\/uploads\/2016\/11\/counter-copyright.jpg?id=728) !important;}&#8221;][vc_column][vc_empty_space height=&#8221;3.5em&#8221; alter_height=&#8221;none&#8221; hide_on_mobile=&#8221;&#8221;]<div id=\"sc_skills_1507178607\"\r\n\t\tclass=\"sc_skills sc_skills_counter\"\r\n\t\t\t\tdata-type=\"counter\"\r\n\t\t><div class=\"sc_skills_columns sc_item_columns trx_addons_columns_wrap columns_padding_bottom\"><div class=\"sc_skills_column trx_addons_column-1_4\"><div class=\"sc_skills_item_wrap\"><div class=\"sc_skills_item\"><div class=\"sc_skills_icon icon-1\"><\/div><div class=\"sc_skills_total\" data-start=\"0\" data-stop=\"234000\" data-step=\"4\" data-max=\"400\" data-speed=\"11\" data-duration=\"643500\" data-ed=\"\">0<\/div><\/div><div class=\"sc_skills_item_title\">Km parcourus<\/div><\/div><\/div><div class=\"sc_skills_column trx_addons_column-1_4\"><div class=\"sc_skills_item_wrap\"><div class=\"sc_skills_item\"><div class=\"sc_skills_icon icon-2\"><\/div><div class=\"sc_skills_total\" data-start=\"0\" data-stop=\"25\" data-step=\"4\" data-max=\"400\" data-speed=\"28\" data-duration=\"175\" data-ed=\"\">0<\/div><\/div><div class=\"sc_skills_item_title\">Collaborateurs<\/div><\/div><\/div><div class=\"sc_skills_column trx_addons_column-1_4\"><div class=\"sc_skills_item_wrap\"><div class=\"sc_skills_item\"><div class=\"sc_skills_icon icon-sphere\"><\/div><div class=\"sc_skills_total\" data-start=\"0\" data-stop=\"6\" data-step=\"4\" data-max=\"400\" data-speed=\"22\" data-duration=\"33\" data-ed=\"\">0<\/div><\/div><div class=\"sc_skills_item_title\">Bureaux dans le monde<\/div><\/div><\/div><div class=\"sc_skills_column trx_addons_column-1_4\"><div class=\"sc_skills_item_wrap\"><div class=\"sc_skills_item\"><div class=\"sc_skills_icon icon-3\"><\/div><div class=\"sc_skills_total\" data-start=\"0\" data-stop=\"78\" data-step=\"4\" data-max=\"400\" data-speed=\"17\" data-duration=\"332\" data-ed=\"\">0<\/div><\/div><div class=\"sc_skills_item_title\">Clients satisfaits<\/div><\/div><\/div><\/div><\/div>[vc_empty_space height=&#8221;2em&#8221; alter_height=&#8221;none&#8221; hide_on_mobile=&#8221;&#8221;][\/vc_column][\/vc_row][vc_row full_width=&#8221;stretch_row&#8221; css=&#8221;.vc_custom_1478534944527{background-color: #f7f6f2 !important;}&#8221;][vc_column][vc_empty_space height=&#8221;9.8em&#8221; alter_height=&#8221;none&#8221; hide_on_mobile=&#8221;&#8221;]<div  id=\"sc_services_324896806\"            class=\"sc_services sc_services_default\" data-slides-per-view=\"3\" data-interval=\"0\" data-slides-min-width=\"200\"\t\t>\r\n\t\t<h6 class=\"sc_item_subtitle sc_services_subtitle sc_align_default sc_item_title_style_default\">WEST LOGISTICS<\/h6><h2 class=\"sc_item_title sc_services_title sc_align_default sc_item_title_style_default\">Nos atouts<\/h2><div class=\"sc_services_columns sc_item_columns trx_addons_columns_wrap columns_padding_bottom\"><div class=\"trx_addons_column-1_3\"><div class=\"sc_services_item with_icon sc_services_item_featured_top\">\r\n\t<a href=\"https:\/\/westlogistique.fr\/?cpt_services=cargo-tracking\"\r\n\t\t\t id=\"sc_services_324896806_icon-sphere\"\r\n\t\t\t class=\"sc_services_item_icon icon-sphere\"\r\n\t\t\t ><\/a>\t\r\n\t<div class=\"sc_services_item_info\">\r\n\t\t<div class=\"sc_services_item_header\">\r\n\t\t\t<h4 class=\"sc_services_item_title\"><a href=\"https:\/\/westlogistique.fr\/?cpt_services=cargo-tracking\">Logistique &#038; Entreposage<\/a><\/h4>\r\n\t\t\t<!--<div class=\"sc_services_item_subtitle\"><a href=\"https:\/\/westlogistique.fr\/?cpt_services_group=our-advantages\" title=\"View all posts in Our Advantages\">Our Advantages<\/a><\/div> -->\r\n\t\t<\/div>\r\n\t\t\t\t\t<div class=\"sc_services_item_content\"><p>As a market leader in freight forwarding, we are providing tailored services&#8230;<\/p>\n<\/div>\r\n\t\t\t\t\t\t<\/div>\r\n<\/div>\r\n<\/div><div class=\"trx_addons_column-1_3\"><div class=\"sc_services_item with_icon sc_services_item_featured_top\">\r\n\t<a href=\"https:\/\/westlogistique.fr\/?cpt_services=perfect-communication\"\r\n\t\t\t id=\"sc_services_324896806_icon-2\"\r\n\t\t\t class=\"sc_services_item_icon icon-2\"\r\n\t\t\t ><\/a>\t\r\n\t<div class=\"sc_services_item_info\">\r\n\t\t<div class=\"sc_services_item_header\">\r\n\t\t\t<h4 class=\"sc_services_item_title\"><a href=\"https:\/\/westlogistique.fr\/?cpt_services=perfect-communication\">Perfect Communication<\/a><\/h4>\r\n\t\t\t<!--<div class=\"sc_services_item_subtitle\"><a href=\"https:\/\/westlogistique.fr\/?cpt_services_group=our-advantages\" title=\"View all posts in Our Advantages\">Our Advantages<\/a><\/div> -->\r\n\t\t<\/div>\r\n\t\t\t\t\t<div class=\"sc_services_item_content\"><p>We can provide you with a customized freight solution tailored to your needs&#8230;<\/p>\n<\/div>\r\n\t\t\t\t\t\t<\/div>\r\n<\/div>\r\n<\/div><div class=\"trx_addons_column-1_3\"><div class=\"sc_services_item with_icon sc_services_item_featured_top\">\r\n\t<a href=\"https:\/\/westlogistique.fr\/?cpt_services=reliability-punctuality-2\"\r\n\t\t\t id=\"sc_services_324896806_icon-3\"\r\n\t\t\t class=\"sc_services_item_icon icon-3\"\r\n\t\t\t ><\/a>\t\r\n\t<div class=\"sc_services_item_info\">\r\n\t\t<div class=\"sc_services_item_header\">\r\n\t\t\t<h4 class=\"sc_services_item_title\"><a href=\"https:\/\/westlogistique.fr\/?cpt_services=reliability-punctuality-2\">Reliability &#038; Punctuality<\/a><\/h4>\r\n\t\t\t<!--<div class=\"sc_services_item_subtitle\"><a href=\"https:\/\/westlogistique.fr\/?cpt_services_group=our-advantages\" title=\"View all posts in Our Advantages\">Our Advantages<\/a><\/div> -->\r\n\t\t<\/div>\r\n\t\t\t\t\t<div class=\"sc_services_item_content\"><p>Our freight company has a consultative, personalized approach to hiring&#8230;<\/p>\n<\/div>\r\n\t\t\t\t\t\t<\/div>\r\n<\/div>\r\n<\/div><\/div><div class=\"sc_item_button sc_item_button_default sc_services_button sc_align_default sc_button_wrap\"><a href=\"https:\/\/westlogistique.fr\/?page_id=21\" id=\"sc_button_1855798779\" class=\"sc_button sc_button_default sc_button_size_normal sc_button_icon_left\"><span class=\"sc_button_text\"><span class=\"sc_button_title\">Lire Plus<\/span><\/span><!-- \/.sc_button_text --><\/a><!-- \/.sc_button --><\/div><!-- \/.sc_item_button sc_item_button_default sc_services_button sc_align_default --><\/div><!-- \/.sc_services -->[vc_empty_space height=&#8221;9.4em&#8221; alter_height=&#8221;none&#8221; hide_on_mobile=&#8221;&#8221;][\/vc_column][\/vc_row][vc_row full_width=&#8221;stretch_row&#8221; scheme=&#8221;dark&#8221; css=&#8221;.vc_custom_1479506567738{background-color: #1f2e39 !important;}&#8221;][vc_column][vc_empty_space height=&#8221;10.3em&#8221; alter_height=&#8221;none&#8221; hide_on_mobile=&#8221;&#8221;]<div  id=\"sc_services_903449240\"            class=\"sc_services sc_services_default\" data-slides-per-view=\"3\" data-interval=\"0\" data-slides-min-width=\"200\"\t\t>\r\n\t\t<h6 class=\"sc_item_subtitle sc_services_subtitle sc_align_default sc_item_title_style_default\">what we do<\/h6><h2 class=\"sc_item_title sc_services_title sc_align_default sc_item_title_style_default\">Our Services<\/h2><div class=\"sc_services_columns sc_item_columns trx_addons_columns_wrap columns_padding_bottom\"><div class=\"trx_addons_column-1_3\"><div class=\"sc_services_item with_image sc_services_item_featured_top\">\r\n\t<div class=\"post_featured with_thumb hover_dots sc_services_item_thumb\"><img loading=\"lazy\" decoding=\"async\" width=\"370\" height=\"370\" src=\"https:\/\/westlogistique.fr\/wp-content\/uploads\/2016\/11\/services-2-copyright-370x370.jpg\" class=\"attachment-trx_addons-thumb-avatar size-trx_addons-thumb-avatar wp-post-image\" alt=\"Transport A\u00e9rien\" srcset=\"https:\/\/westlogistique.fr\/wp-content\/uploads\/2016\/11\/services-2-copyright-370x370.jpg 370w, https:\/\/westlogistique.fr\/wp-content\/uploads\/2016\/11\/services-2-copyright-300x300.jpg 300w, https:\/\/westlogistique.fr\/wp-content\/uploads\/2016\/11\/services-2-copyright-1024x1024.jpg 1024w, https:\/\/westlogistique.fr\/wp-content\/uploads\/2016\/11\/services-2-copyright-150x150.jpg 150w, https:\/\/westlogistique.fr\/wp-content\/uploads\/2016\/11\/services-2-copyright-768x768.jpg 768w, https:\/\/westlogistique.fr\/wp-content\/uploads\/2016\/11\/services-2-copyright-90x90.jpg 90w, https:\/\/westlogistique.fr\/wp-content\/uploads\/2016\/11\/services-2-copyright-770x770.jpg 770w, https:\/\/westlogistique.fr\/wp-content\/uploads\/2016\/11\/services-2-copyright.jpg 1200w\" sizes=\"auto, (max-width: 370px) 100vw, 370px\" \/><div class=\"mask\"><\/div><a href=\"https:\/\/westlogistique.fr\/?cpt_services=air-transport\" aria-hidden=\"true\" class=\"icons\"><span><\/span><span><\/span><span><\/span><\/a><\/div>\t\r\n\t<div class=\"sc_services_item_info\">\r\n\t\t<div class=\"sc_services_item_header\">\r\n\t\t\t<h4 class=\"sc_services_item_title\"><a href=\"https:\/\/westlogistique.fr\/?cpt_services=air-transport\">Transport A\u00e9rien<\/a><\/h4>\r\n\t\t\t<!--<div class=\"sc_services_item_subtitle\"><a href=\"https:\/\/westlogistique.fr\/?cpt_services_group=image-services\" title=\"View all posts in Image Services\">Image Services<\/a><\/div> -->\r\n\t\t<\/div>\r\n\t\t\t\t\t<div class=\"sc_services_item_content\"><p>Our service is founded on the commitment, dedication and professionalism, and we keep to all standards of quality<\/p>\n<\/div>\r\n\t\t\t\t\t\t\t<div class=\"sc_services_item_button sc_item_button\"><a href=\"https:\/\/westlogistique.fr\/?cpt_services=air-transport\" class=\"sc_button sc_button_accent sc_button_size_small sc_button_icon_right sc_button_hover_slide_left\">Learn more<\/a><\/div> \r\n\t\t\t\t\t\t<\/div>\r\n<\/div>\r\n<\/div><div class=\"trx_addons_column-1_3\"><div class=\"sc_services_item with_image sc_services_item_featured_top\">\r\n\t<div class=\"post_featured with_thumb hover_dots sc_services_item_thumb\"><img loading=\"lazy\" decoding=\"async\" width=\"370\" height=\"370\" src=\"https:\/\/westlogistique.fr\/wp-content\/uploads\/2016\/11\/services-3-copyright-370x370.jpg\" class=\"attachment-trx_addons-thumb-avatar size-trx_addons-thumb-avatar wp-post-image\" alt=\"transport Maritime\" srcset=\"https:\/\/westlogistique.fr\/wp-content\/uploads\/2016\/11\/services-3-copyright-370x370.jpg 370w, https:\/\/westlogistique.fr\/wp-content\/uploads\/2016\/11\/services-3-copyright-300x300.jpg 300w, https:\/\/westlogistique.fr\/wp-content\/uploads\/2016\/11\/services-3-copyright-1024x1024.jpg 1024w, https:\/\/westlogistique.fr\/wp-content\/uploads\/2016\/11\/services-3-copyright-150x150.jpg 150w, https:\/\/westlogistique.fr\/wp-content\/uploads\/2016\/11\/services-3-copyright-768x768.jpg 768w, https:\/\/westlogistique.fr\/wp-content\/uploads\/2016\/11\/services-3-copyright-90x90.jpg 90w, https:\/\/westlogistique.fr\/wp-content\/uploads\/2016\/11\/services-3-copyright-770x770.jpg 770w, https:\/\/westlogistique.fr\/wp-content\/uploads\/2016\/11\/services-3-copyright.jpg 1200w\" sizes=\"auto, (max-width: 370px) 100vw, 370px\" \/><div class=\"mask\"><\/div><a href=\"https:\/\/westlogistique.fr\/?cpt_services=ocean-transport\" aria-hidden=\"true\" class=\"icons\"><span><\/span><span><\/span><span><\/span><\/a><\/div>\t\r\n\t<div class=\"sc_services_item_info\">\r\n\t\t<div class=\"sc_services_item_header\">\r\n\t\t\t<h4 class=\"sc_services_item_title\"><a href=\"https:\/\/westlogistique.fr\/?cpt_services=ocean-transport\">transport Maritime<\/a><\/h4>\r\n\t\t\t<!--<div class=\"sc_services_item_subtitle\"><a href=\"https:\/\/westlogistique.fr\/?cpt_services_group=image-services\" title=\"View all posts in Image Services\">Image Services<\/a><\/div> -->\r\n\t\t<\/div>\r\n\t\t\t\t\t<div class=\"sc_services_item_content\"><p>Our service is founded on the commitment, dedication and professionalism, and we keep to all standards of quality<\/p>\n<\/div>\r\n\t\t\t\t\t\t\t<div class=\"sc_services_item_button sc_item_button\"><a href=\"https:\/\/westlogistique.fr\/?cpt_services=ocean-transport\" class=\"sc_button sc_button_accent sc_button_size_small sc_button_icon_right sc_button_hover_slide_left\">Learn more<\/a><\/div> \r\n\t\t\t\t\t\t<\/div>\r\n<\/div>\r\n<\/div><div class=\"trx_addons_column-1_3\"><div class=\"sc_services_item with_image sc_services_item_featured_top\">\r\n\t<div class=\"post_featured with_thumb hover_dots sc_services_item_thumb\"><img loading=\"lazy\" decoding=\"async\" width=\"370\" height=\"370\" src=\"https:\/\/westlogistique.fr\/wp-content\/uploads\/2016\/11\/services-1-copyright-370x370.jpg\" class=\"attachment-trx_addons-thumb-avatar size-trx_addons-thumb-avatar wp-post-image\" alt=\"Transport Routier\" srcset=\"https:\/\/westlogistique.fr\/wp-content\/uploads\/2016\/11\/services-1-copyright-370x370.jpg 370w, https:\/\/westlogistique.fr\/wp-content\/uploads\/2016\/11\/services-1-copyright-300x300.jpg 300w, https:\/\/westlogistique.fr\/wp-content\/uploads\/2016\/11\/services-1-copyright-1024x1024.jpg 1024w, https:\/\/westlogistique.fr\/wp-content\/uploads\/2016\/11\/services-1-copyright-150x150.jpg 150w, https:\/\/westlogistique.fr\/wp-content\/uploads\/2016\/11\/services-1-copyright-768x768.jpg 768w, https:\/\/westlogistique.fr\/wp-content\/uploads\/2016\/11\/services-1-copyright-90x90.jpg 90w, https:\/\/westlogistique.fr\/wp-content\/uploads\/2016\/11\/services-1-copyright-770x770.jpg 770w, https:\/\/westlogistique.fr\/wp-content\/uploads\/2016\/11\/services-1-copyright.jpg 1200w\" sizes=\"auto, (max-width: 370px) 100vw, 370px\" \/><div class=\"mask\"><\/div><a href=\"https:\/\/westlogistique.fr\/?cpt_services=cars-transport\" aria-hidden=\"true\" class=\"icons\"><span><\/span><span><\/span><span><\/span><\/a><\/div>\t\r\n\t<div class=\"sc_services_item_info\">\r\n\t\t<div class=\"sc_services_item_header\">\r\n\t\t\t<h4 class=\"sc_services_item_title\"><a href=\"https:\/\/westlogistique.fr\/?cpt_services=cars-transport\">Transport Routier<\/a><\/h4>\r\n\t\t\t<!--<div class=\"sc_services_item_subtitle\"><a href=\"https:\/\/westlogistique.fr\/?cpt_services_group=image-services\" title=\"View all posts in Image Services\">Image Services<\/a><\/div> -->\r\n\t\t<\/div>\r\n\t\t\t\t\t<div class=\"sc_services_item_content\"><p>Our service is founded on the commitment, dedication and professionalism, and we keep to all standards of quality<\/p>\n<\/div>\r\n\t\t\t\t\t\t\t<div class=\"sc_services_item_button sc_item_button\"><a href=\"https:\/\/westlogistique.fr\/?cpt_services=cars-transport\" class=\"sc_button sc_button_accent sc_button_size_small sc_button_icon_right sc_button_hover_slide_left\">Learn more<\/a><\/div> \r\n\t\t\t\t\t\t<\/div>\r\n<\/div>\r\n<\/div><\/div><\/div><!-- \/.sc_services -->[vc_empty_space height=&#8221;7.5em&#8221; alter_height=&#8221;none&#8221; hide_on_mobile=&#8221;&#8221;][\/vc_column][\/vc_row]<\/p>\n<\/div>","protected":false},"excerpt":{"rendered":"<p>[vc_row full_width=&#8221;stretch_row&#8221; css=&#8221;.vc_custom_1478525086569{background-image: url(https:\/\/westlogistique.fr\/wp-content\/uploads\/2016\/11\/bg-2-copyright.jpg?id=499) !important;background-position: 0 0 !important;background-repeat: no-repeat !important;}&#8221;][vc_column][vc_empty_space height=&#8221;6.6em&#8221; alter_height=&#8221;none&#8221; hide_on_mobile=&#8221;&#8221;][vc_empty_space height=&#8221;8.4em&#8221; alter_height=&#8221;none&#8221; hide_on_mobile=&#8221;&#8221;][\/vc_column][\/vc_row][vc_row full_width=&#8221;stretch_row&#8221; css=&#8221;.vc_custom_1479506271979{background-image: url(https:\/\/westlogistique.fr\/wp-content\/uploads\/2016\/11\/counter-copyright.jpg?id=728) !important;}&#8221;][vc_column][vc_empty_space height=&#8221;3.5em&#8221; alter_height=&#8221;none&#8221; hide_on_mobile=&#8221;&#8221;][vc_empty_space height=&#8221;2em&#8221; alter_height=&#8221;none&#8221; hide_on_mobile=&#8221;&#8221;][\/vc_column][\/vc_row][vc_row full_width=&#8221;stretch_row&#8221; css=&#8221;.vc_custom_1478534944527{background-color: #f7f6f2 !important;}&#8221;][vc_column][vc_empty_space height=&#8221;9.8em&#8221; alter_height=&#8221;none&#8221; hide_on_mobile=&#8221;&#8221;][vc_empty_space height=&#8221;9.4em&#8221; alter_height=&#8221;none&#8221; hide_on_mobile=&#8221;&#8221;][\/vc_column][\/vc_row][vc_row full_width=&#8221;stretch_row&#8221; scheme=&#8221;dark&#8221; css=&#8221;.vc_custom_1479506567738{background-color: #1f2e39 !important;}&#8221;][vc_column][vc_empty_space height=&#8221;10.3em&#8221; alter_height=&#8221;none&#8221; hide_on_mobile=&#8221;&#8221;][vc_empty_space height=&#8221;7.5em&#8221; alter_height=&#8221;none&#8221; hide_on_mobile=&#8221;&#8221;][\/vc_column][\/vc_row]<\/p>\n","protected":false},"author":1,"featured_media":0,"parent":0,"menu_order":0,"comment_status":"closed","ping_status":"closed","template":"","meta":{"footnotes":""},"class_list":["post-19","page","type-page","status-publish","hentry"],"_links":{"self":[{"href":"https:\/\/westlogistique.fr\/index.php?rest_route=\/wp\/v2\/pages\/19","targetHints":{"allow":["GET"]}}],"collection":[{"href":"https:\/\/westlogistique.fr\/index.php?rest_route=\/wp\/v2\/pages"}],"about":[{"href":"https:\/\/westlogistique.fr\/index.php?rest_route=\/wp\/v2\/types\/page"}],"author":[{"embeddable":true,"href":"https:\/\/westlogistique.fr\/index.php?rest_route=\/wp\/v2\/users\/1"}],"replies":[{"embeddable":true,"href":"https:\/\/westlogistique.fr\/index.php?rest_route=%2Fwp%2Fv2%2Fcomments&post=19"}],"version-history":[{"count":9,"href":"https:\/\/westlogistique.fr\/index.php?rest_route=\/wp\/v2\/pages\/19\/revisions"}],"predecessor-version":[{"id":1385,"href":"https:\/\/westlogistique.fr\/index.php?rest_route=\/wp\/v2\/pages\/19\/revisions\/1385"}],"wp:attachment":[{"href":"https:\/\/westlogistique.fr\/index.php?rest_route=%2Fwp%2Fv2%2Fmedia&parent=19"}],"curies":[{"name":"wp","href":"https:\/\/api.w.org\/{rel}","templated":true}]}}